{"id":365,"date":"2025-08-08T13:53:36","date_gmt":"2025-08-08T11:53:36","guid":{"rendered":"https:\/\/www.nineroomstrento.it\/ueber-uns\/"},"modified":"2026-02-27T17:54:59","modified_gmt":"2026-02-27T16:54:59","slug":"ueber-uns","status":"publish","type":"page","link":"https:\/\/www.nineroomstrento.it\/de\/ueber-uns\/","title":{"rendered":"Ein wundersch\u00f6ner Ort"},"content":{"rendered":"<p>[et_pb_section fb_built=&#8220;1&#8243; admin_label=&#8220;Header&#8220; _builder_version=&#8220;4.25.2&#8243; _module_preset=&#8220;default&#8220; background_enable_color=&#8220;off&#8220; locked=&#8220;off&#8220; global_colors_info=&#8220;{%22gcid-b6c4f12c-f25d-4f61-9fb1-6e96404634cd%22:%91%22background_color%22%93}&#8220;][et_pb_row _builder_version=&#8220;4.26.0&#8243; _module_preset=&#8220;1558413a-cabc-43ae-aee1-915e11673859&#8243; global_colors_info=&#8220;{}&#8220;][et_pb_column type=&#8220;4_4&#8243; _builder_version=&#8220;4.25.2&#8243; _module_preset=&#8220;default&#8220; global_colors_info=&#8220;{}&#8220;][et_pb_heading title=&#8220;Nine Rooms Trento&#8220; _builder_version=&#8220;4.27.5&#8243; _module_preset=&#8220;119be2d5-1767-41cf-b4e2-2f68ae14059b&#8220; title_text_color=&#8220;gcid-secondary-color&#8220; global_colors_info=&#8220;{%22gcid-secondary-color%22:%91%22title_text_color%22%93}&#8220;][\/et_pb_heading][et_pb_heading title=&#8220;\u00dcber uns&#8220; _builder_version=&#8220;4.27.5&#8243; _module_preset=&#8220;90e142ce-bc18-4c52-8803-8f57fece6c4f&#8220; custom_margin=&#8220;||10px||false|false&#8220; global_colors_info=&#8220;{}&#8220;][\/et_pb_heading][\/et_pb_column][\/et_pb_row][et_pb_row column_structure=&#8220;3_5,2_5&#8243; _builder_version=&#8220;4.25.2&#8243; _module_preset=&#8220;1558413a-cabc-43ae-aee1-915e11673859&#8243; global_colors_info=&#8220;{}&#8220;][et_pb_column type=&#8220;3_5&#8243; _builder_version=&#8220;4.25.2&#8243; _module_preset=&#8220;default&#8220; global_colors_info=&#8220;{}&#8220;][et_pb_text _builder_version=&#8220;4.27.5&#8243; _module_preset=&#8220;bdb43048-1d93-4e2d-9aec-4a1d8af54ddc&#8220; global_colors_info=&#8220;{}&#8220;]Das Hotel liegt im historischen Zentrum von Trient und bietet Ihnen einen authentischen und komfortablen Aufenthalt, nur wenige Schritte von den wichtigsten Sehensw\u00fcrdigkeiten der Stadt entfernt. Das dreist\u00f6ckige Geb\u00e4ude, das sich in einem k\u00fcrzlich renovierten historischen Geb\u00e4ude befindet, verbindet den Charme der traditionellen Architektur des Trentino mit einem modernen und funktionalen Design.<\/p>\n<p>Die hellen, individuell eingerichteten Zimmer verf\u00fcgen \u00fcber einzigartige M\u00f6bel, Farben und Tapeten und sind mit allem Komfort ausgestattet: kostenloses WLAN, individuell regulierbare Klimaanlage, Flachbildfernseher, Safe, Minibar und ein eigenes Badezimmer mit kostenlosen Pflegeprodukten. Einige Zimmer bieten einen Panoramablick auf die umliegenden Berge oder die D\u00e4cher der Altstadt.<\/p>\n<p>Jeden Morgen k\u00f6nnen die G\u00e4ste ein Fr\u00fchst\u00fcck mit lokalen und biologischen Produkten genie\u00dfen, darunter hausgemachtes Geb\u00e4ck, typische K\u00e4sesorten und frisches Obst der Saison. Entspannen Sie sich in der Gemeinschaftslounge oder im kleinen Innenhof, ideal f\u00fcr Momente der Ruhe nach einem Tag voller Ausfl\u00fcge oder kultureller Besichtigungen.<\/p>\n<p>Das Nine Rooms Trento verf\u00fcgt \u00fcber einen kleinen Parkplatz f\u00fcr G\u00e4ste und ist der ideale Ausgangspunkt, um die nat\u00fcrliche und k\u00fcnstlerische Sch\u00f6nheit der Region zu erkunden, ohne das Auto bewegen zu m\u00fcssen: vom Schloss Buonconsiglio \u00fcber die Wanderwege des Monte Bondone bis hin zu den ber\u00fchmten Weihnachtsm\u00e4rkten. Die Unterkunft ist mit dem Auto oder \u00f6ffentlichen Verkehrsmitteln leicht zu erreichen \u2013 der Bahnhof Trento Centro und die Ringstra\u00dfe sind nur 5 Minuten entfernt \u2013 und bietet einen Fahrradkeller f\u00fcr diejenigen, die die Stadt nachhaltig erkunden m\u00f6chten, sowie Ladem\u00f6glichkeiten f\u00fcr Elektrofahrzeuge.<\/p>\n<p>Ein Ort, an dem Komfort und Gastfreundschaft zusammenkommen, um ein authentisches Erlebnis im Herzen des Trentino zu bieten.[\/et_pb_text][\/et_pb_column][et_pb_column type=&#8220;2_5&#8243; _builder_version=&#8220;4.25.2&#8243; _module_preset=&#8220;default&#8220; global_colors_info=&#8220;{}&#8220;][et_pb_image src=&#8220;https:\/\/www.nineroomstrento.it\/wp-content\/uploads\/2026\/01\/\u00a9-MoniQue-foto-Nine-140.jpeg&#8220; title_text=&#8220;\u00a9 MoniQue foto &#8211; Nine 140&#8243; _builder_version=&#8220;4.27.5&#8243; _module_preset=&#8220;default&#8220; global_colors_info=&#8220;{}&#8220;][\/et_pb_image][\/et_pb_column][\/et_pb_row][et_pb_row _builder_version=&#8220;4.27.5&#8243; _module_preset=&#8220;default&#8220; global_colors_info=&#8220;{}&#8220;][et_pb_column type=&#8220;4_4&#8243; _builder_version=&#8220;4.27.5&#8243; _module_preset=&#8220;default&#8220; global_colors_info=&#8220;{}&#8220;][et_pb_image src=&#8220;https:\/\/www.nineroomstrento.it\/wp-content\/uploads\/2026\/01\/\u00a9-MoniQue-foto-Nine-142.jpeg&#8220; title_text=&#8220;\u00a9 MoniQue foto &#8211; Nine 142&#8243; _builder_version=&#8220;4.27.5&#8243; _module_preset=&#8220;default&#8220; global_colors_info=&#8220;{}&#8220;][\/et_pb_image][\/et_pb_column][\/et_pb_row][\/et_pb_section][et_pb_section fb_built=&#8220;1&#8243; admin_label=&#8220;Call To Action&#8220; _builder_version=&#8220;4.27.5&#8243; _module_preset=&#8220;b4c851ce-d31f-4e82-b3fe-3f8f505f891a&#8220; hover_enabled=&#8220;0&#8243; locked=&#8220;off&#8220; global_colors_info=&#8220;{%22gcid-b6c4f12c-f25d-4f61-9fb1-6e96404634cd%22:%91%22background_color%22%93}&#8220; top_divider_style=&#8220;arrow&#8220; sticky_enabled=&#8220;0&#8243; prev_background_color=&#8220;#000000&#8243;][et_pb_row _builder_version=&#8220;4.26.0&#8243; _module_preset=&#8220;default&#8220; max_width=&#8220;900px&#8220; locked=&#8220;off&#8220; global_colors_info=&#8220;{}&#8220; custom_margin=&#8220;84px|auto||auto||&#8220;][et_pb_column type=&#8220;4_4&#8243; _builder_version=&#8220;4.25.2&#8243; _module_preset=&#8220;default&#8220; global_colors_info=&#8220;{}&#8220;][et_pb_heading title=&#8220;Buchen Sie jetzt Ihr Zimmer in Trient&#8220; _builder_version=&#8220;4.27.5&#8243; _module_preset=&#8220;119be2d5-1767-41cf-b4e2-2f68ae14059b&#8220; title_text_align=&#8220;center&#8220; title_text_color=&#8220;gcid-secondary-color&#8220; locked=&#8220;off&#8220; global_colors_info=&#8220;{%22gcid-secondary-color%22:%91%22title_text_color%22%93}&#8220;][\/et_pb_heading][et_pb_heading title=&#8220;Komfort, Stil und perfekte Lage im historischen Zentrum&#8220; _builder_version=&#8220;4.27.5&#8243; _module_preset=&#8220;4eb153cd-eac9-4d3a-9bc5-a7e8c06029b6&#8243; title_text_align=&#8220;center&#8220; max_width=&#8220;900px&#8220; module_alignment=&#8220;center&#8220; custom_padding=&#8220;|42px||50px||&#8220; locked=&#8220;off&#8220; global_colors_info=&#8220;{}&#8220;][\/et_pb_heading][et_pb_button button_url=&#8220;&lt;!&#8211;&#91;CDATA&#91;\/proposte\/&#93;&#93;&#8211;&gt;&#8220; button_text=&#8220;Buchen&#8220; button_alignment=&#8220;center&#8220; _builder_version=&#8220;4.27.5&#8243; _module_preset=&#8220;84dde62d-71b5-4131-9dda-f9d54e317594&#8243; locked=&#8220;off&#8220; global_colors_info=&#8220;{}&#8220;][\/et_pb_button][\/et_pb_column][\/et_pb_row][\/et_pb_section]<\/p>\n","protected":false},"excerpt":{"rendered":"<p>Das Hotel liegt im historischen Zentrum von Trient und bietet Ihnen einen authentischen und komfortablen Aufenthalt, nur wenige Schritte von den wichtigsten Sehensw\u00fcrdigkeiten der Stadt entfernt. Das dreist\u00f6ckige Geb\u00e4ude, das sich in einem k\u00fcrzlich renovierten historischen Geb\u00e4ude befindet, verbindet den Charme der traditionellen Architektur des Trentino mit einem modernen und funktionalen Design. Die hellen, individuell [&hellip;]<\/p>\n","protected":false},"author":1,"featured_media":0,"parent":0,"menu_order":0,"comment_status":"closed","ping_status":"closed","template":"","meta":{"_et_pb_use_builder":"on","_et_pb_old_content":"","_et_gb_content_width":"","footnotes":""},"class_list":["post-365","page","type-page","status-publish","hentry"],"yoast_head":"<!-- This site is optimized with the Yoast SEO plugin v27.0 - https:\/\/yoast.com\/product\/yoast-seo-wordpress\/ -->\n<title>Affitti Brevi Trentino \u2013 Gestione case vacanza a Trento<\/title>\n<meta name=\"description\" content=\"Scopri chi siamo: gestiamo appartamenti, ville e B&amp;B in Trentino per affitti brevi, medi e lunghi. Consulenza, promozione e ospitalit\u00e0 di qualit\u00e0.\" \/>\n<meta name=\"robots\" content=\"noindex, follow, max-snippet:-1, max-image-preview:large, max-video-preview:-1\" \/>\n<meta property=\"og:locale\" content=\"de_DE\" \/>\n<meta property=\"og:type\" content=\"article\" \/>\n<meta property=\"og:title\" content=\"Affitti Brevi Trentino \u2013 Gestione case vacanza a Trento\" \/>\n<meta property=\"og:description\" content=\"Scopri chi siamo: gestiamo appartamenti, ville e B&amp;B in Trentino per affitti brevi, medi e lunghi. Consulenza, promozione e ospitalit\u00e0 di qualit\u00e0.\" \/>\n<meta property=\"og:url\" content=\"https:\/\/www.nineroomstrento.it\/de\/ueber-uns\/\" \/>\n<meta property=\"og:site_name\" content=\"Nine Rooms Trento\" \/>\n<meta property=\"article:modified_time\" content=\"2026-02-27T16:54:59+00:00\" \/>\n<meta name=\"twitter:card\" content=\"summary_large_image\" \/>\n<meta name=\"twitter:label1\" content=\"Gesch\u00e4tzte Lesezeit\" \/>\n\t<meta name=\"twitter:data1\" content=\"4\u00a0Minuten\" \/>\n<script type=\"application\/ld+json\" class=\"yoast-schema-graph\">{\"@context\":\"https:\/\/schema.org\",\"@graph\":[{\"@type\":\"WebPage\",\"@id\":\"https:\/\/www.nineroomstrento.it\/de\/ueber-uns\/\",\"url\":\"https:\/\/www.nineroomstrento.it\/de\/ueber-uns\/\",\"name\":\"Affitti Brevi Trentino \u2013 Gestione case vacanza a Trento\",\"isPartOf\":{\"@id\":\"https:\/\/www.nineroomstrento.it\/de\/#website\"},\"datePublished\":\"2025-08-08T11:53:36+00:00\",\"dateModified\":\"2026-02-27T16:54:59+00:00\",\"description\":\"Scopri chi siamo: gestiamo appartamenti, ville e B&B in Trentino per affitti brevi, medi e lunghi. Consulenza, promozione e ospitalit\u00e0 di qualit\u00e0.\",\"breadcrumb\":{\"@id\":\"https:\/\/www.nineroomstrento.it\/de\/ueber-uns\/#breadcrumb\"},\"inLanguage\":\"de\",\"potentialAction\":[{\"@type\":\"ReadAction\",\"target\":[\"https:\/\/www.nineroomstrento.it\/de\/ueber-uns\/\"]}]},{\"@type\":\"BreadcrumbList\",\"@id\":\"https:\/\/www.nineroomstrento.it\/de\/ueber-uns\/#breadcrumb\",\"itemListElement\":[{\"@type\":\"ListItem\",\"position\":1,\"name\":\"Home\",\"item\":\"https:\/\/www.nineroomstrento.it\/de\/home\/\"},{\"@type\":\"ListItem\",\"position\":2,\"name\":\"Ein wundersch\u00f6ner Ort\"}]},{\"@type\":\"WebSite\",\"@id\":\"https:\/\/www.nineroomstrento.it\/de\/#website\",\"url\":\"https:\/\/www.nineroomstrento.it\/de\/\",\"name\":\"Affitti brevi in Trentino\",\"description\":\"L&#039;extra-alberghiero in Trentino\",\"publisher\":{\"@id\":\"https:\/\/www.nineroomstrento.it\/de\/#organization\"},\"potentialAction\":[{\"@type\":\"SearchAction\",\"target\":{\"@type\":\"EntryPoint\",\"urlTemplate\":\"https:\/\/www.nineroomstrento.it\/de\/?s={search_term_string}\"},\"query-input\":{\"@type\":\"PropertyValueSpecification\",\"valueRequired\":true,\"valueName\":\"search_term_string\"}}],\"inLanguage\":\"de\"},{\"@type\":\"Organization\",\"@id\":\"https:\/\/www.nineroomstrento.it\/de\/#organization\",\"name\":\"Affitti brevi in Trentino\",\"url\":\"https:\/\/www.nineroomstrento.it\/de\/\",\"logo\":{\"@type\":\"ImageObject\",\"inLanguage\":\"de\",\"@id\":\"https:\/\/www.nineroomstrento.it\/de\/#\/schema\/logo\/image\/\",\"url\":\"https:\/\/www.nineroomstrento.it\/wp-content\/uploads\/2025\/08\/IMMAGINE-PROFILO.png\",\"contentUrl\":\"https:\/\/www.nineroomstrento.it\/wp-content\/uploads\/2025\/08\/IMMAGINE-PROFILO.png\",\"width\":475,\"height\":472,\"caption\":\"Affitti brevi in Trentino\"},\"image\":{\"@id\":\"https:\/\/www.nineroomstrento.it\/de\/#\/schema\/logo\/image\/\"}}]}<\/script>\n<!-- \/ Yoast SEO plugin. -->","yoast_head_json":{"title":"Affitti Brevi Trentino \u2013 Gestione case vacanza a Trento","description":"Scopri chi siamo: gestiamo appartamenti, ville e B&B in Trentino per affitti brevi, medi e lunghi. Consulenza, promozione e ospitalit\u00e0 di qualit\u00e0.","robots":{"index":"noindex","follow":"follow","max-snippet":"max-snippet:-1","max-image-preview":"max-image-preview:large","max-video-preview":"max-video-preview:-1"},"og_locale":"de_DE","og_type":"article","og_title":"Affitti Brevi Trentino \u2013 Gestione case vacanza a Trento","og_description":"Scopri chi siamo: gestiamo appartamenti, ville e B&B in Trentino per affitti brevi, medi e lunghi. Consulenza, promozione e ospitalit\u00e0 di qualit\u00e0.","og_url":"https:\/\/www.nineroomstrento.it\/de\/ueber-uns\/","og_site_name":"Nine Rooms Trento","article_modified_time":"2026-02-27T16:54:59+00:00","twitter_card":"summary_large_image","twitter_misc":{"Gesch\u00e4tzte Lesezeit":"4\u00a0Minuten"},"schema":{"@context":"https:\/\/schema.org","@graph":[{"@type":"WebPage","@id":"https:\/\/www.nineroomstrento.it\/de\/ueber-uns\/","url":"https:\/\/www.nineroomstrento.it\/de\/ueber-uns\/","name":"Affitti Brevi Trentino \u2013 Gestione case vacanza a Trento","isPartOf":{"@id":"https:\/\/www.nineroomstrento.it\/de\/#website"},"datePublished":"2025-08-08T11:53:36+00:00","dateModified":"2026-02-27T16:54:59+00:00","description":"Scopri chi siamo: gestiamo appartamenti, ville e B&B in Trentino per affitti brevi, medi e lunghi. Consulenza, promozione e ospitalit\u00e0 di qualit\u00e0.","breadcrumb":{"@id":"https:\/\/www.nineroomstrento.it\/de\/ueber-uns\/#breadcrumb"},"inLanguage":"de","potentialAction":[{"@type":"ReadAction","target":["https:\/\/www.nineroomstrento.it\/de\/ueber-uns\/"]}]},{"@type":"BreadcrumbList","@id":"https:\/\/www.nineroomstrento.it\/de\/ueber-uns\/#breadcrumb","itemListElement":[{"@type":"ListItem","position":1,"name":"Home","item":"https:\/\/www.nineroomstrento.it\/de\/home\/"},{"@type":"ListItem","position":2,"name":"Ein wundersch\u00f6ner Ort"}]},{"@type":"WebSite","@id":"https:\/\/www.nineroomstrento.it\/de\/#website","url":"https:\/\/www.nineroomstrento.it\/de\/","name":"Affitti brevi in Trentino","description":"L&#039;extra-alberghiero in Trentino","publisher":{"@id":"https:\/\/www.nineroomstrento.it\/de\/#organization"},"potentialAction":[{"@type":"SearchAction","target":{"@type":"EntryPoint","urlTemplate":"https:\/\/www.nineroomstrento.it\/de\/?s={search_term_string}"},"query-input":{"@type":"PropertyValueSpecification","valueRequired":true,"valueName":"search_term_string"}}],"inLanguage":"de"},{"@type":"Organization","@id":"https:\/\/www.nineroomstrento.it\/de\/#organization","name":"Affitti brevi in Trentino","url":"https:\/\/www.nineroomstrento.it\/de\/","logo":{"@type":"ImageObject","inLanguage":"de","@id":"https:\/\/www.nineroomstrento.it\/de\/#\/schema\/logo\/image\/","url":"https:\/\/www.nineroomstrento.it\/wp-content\/uploads\/2025\/08\/IMMAGINE-PROFILO.png","contentUrl":"https:\/\/www.nineroomstrento.it\/wp-content\/uploads\/2025\/08\/IMMAGINE-PROFILO.png","width":475,"height":472,"caption":"Affitti brevi in Trentino"},"image":{"@id":"https:\/\/www.nineroomstrento.it\/de\/#\/schema\/logo\/image\/"}}]}},"_links":{"self":[{"href":"https:\/\/www.nineroomstrento.it\/de\/wp-json\/wp\/v2\/pages\/365","targetHints":{"allow":["GET"]}}],"collection":[{"href":"https:\/\/www.nineroomstrento.it\/de\/wp-json\/wp\/v2\/pages"}],"about":[{"href":"https:\/\/www.nineroomstrento.it\/de\/wp-json\/wp\/v2\/types\/page"}],"author":[{"embeddable":true,"href":"https:\/\/www.nineroomstrento.it\/de\/wp-json\/wp\/v2\/users\/1"}],"replies":[{"embeddable":true,"href":"https:\/\/www.nineroomstrento.it\/de\/wp-json\/wp\/v2\/comments?post=365"}],"version-history":[{"count":11,"href":"https:\/\/www.nineroomstrento.it\/de\/wp-json\/wp\/v2\/pages\/365\/revisions"}],"predecessor-version":[{"id":669,"href":"https:\/\/www.nineroomstrento.it\/de\/wp-json\/wp\/v2\/pages\/365\/revisions\/669"}],"wp:attachment":[{"href":"https:\/\/www.nineroomstrento.it\/de\/wp-json\/wp\/v2\/media?parent=365"}],"curies":[{"name":"wp","href":"https:\/\/api.w.org\/{rel}","templated":true}]}}