{"id":379,"date":"2025-08-08T13:53:36","date_gmt":"2025-08-08T11:53:36","guid":{"rendered":"https:\/\/www.nineroomstrento.it\/zimmer-und-suiten\/"},"modified":"2026-01-27T19:31:13","modified_gmt":"2026-01-27T18:31:13","slug":"zimmer-und-suiten","status":"publish","type":"page","link":"https:\/\/www.nineroomstrento.it\/de\/zimmer-und-suiten\/","title":{"rendered":"Zimmer und Suiten"},"content":{"rendered":"<p>[et_pb_section fb_built=&#8220;1&#8243; admin_label=&#8220;Listings&#8220; _builder_version=&#8220;4.27.5&#8243; _module_preset=&#8220;default&#8220; top_divider_color=&#8220;gcid-primary-color&#8220; bottom_divider_color=&#8220;gcid-primary-color&#8220; locked=&#8220;off&#8220; global_colors_info=&#8220;{%22gcid-primary-color%22:%91%22bottom_divider_color%22%93}&#8220;][et_pb_row _builder_version=&#8220;4.25.2&#8243; _module_preset=&#8220;1558413a-cabc-43ae-aee1-915e11673859&#8243; global_colors_info=&#8220;{}&#8220;][et_pb_column type=&#8220;4_4&#8243; _builder_version=&#8220;4.25.2&#8243; _module_preset=&#8220;default&#8220; global_colors_info=&#8220;{}&#8220;][et_pb_heading title=&#8220;Unsere Unterkunftsl\u00f6sungen&#8220; _builder_version=&#8220;4.27.5&#8243; _module_preset=&#8220;119be2d5-1767-41cf-b4e2-2f68ae14059b&#8220; title_text_color=&#8220;gcid-secondary-color&#8220; global_colors_info=&#8220;{%22gcid-secondary-color%22:%91%22title_text_color%22%93}&#8220;][\/et_pb_heading][et_pb_heading title=&#8220;Zimmer und Suiten&#8220; _builder_version=&#8220;4.27.5&#8243; _module_preset=&#8220;90e142ce-bc18-4c52-8803-8f57fece6c4f&#8220; global_colors_info=&#8220;{}&#8220;][\/et_pb_heading][\/et_pb_column][\/et_pb_row][et_pb_row column_structure=&#8220;1_2,1_2&#8243; use_custom_gutter=&#8220;on&#8220; gutter_width=&#8220;2&#8243; _builder_version=&#8220;4.27.5&#8243; _module_preset=&#8220;1558413a-cabc-43ae-aee1-915e11673859&#8243; global_colors_info=&#8220;{}&#8220;][et_pb_column type=&#8220;1_2&#8243; _builder_version=&#8220;4.25.2&#8243; _module_preset=&#8220;default&#8220; global_colors_info=&#8220;{}&#8220;][et_pb_heading title=&#8220;Doppelzimmer mit franz\u00f6sischem Bett&#8220; _builder_version=&#8220;4.27.5&#8243; _module_preset=&#8220;a290d198-8df6-4d6e-b7fc-f2c6786b1b4e&#8220; title_font=&#8220;Arimo|700|||||||&#8220; custom_margin=&#8220;||0px||false|false&#8220; locked=&#8220;off&#8220; global_colors_info=&#8220;{}&#8220;][\/et_pb_heading][et_pb_text _builder_version=&#8220;4.27.5&#8243; _module_preset=&#8220;default&#8220; custom_padding=&#8220;||50px|||&#8220; global_colors_info=&#8220;{}&#8220;]Die Doppelzimmer mit franz\u00f6sischem Bett im Nine Rooms Trento bieten eine intime, moderne und einladende Atmosph\u00e4re, die Ihnen w\u00e4hrend Ihres Aufenthalts im Herzen der Stadt h\u00f6chsten Komfort garantiert. Jeder Raum ist bis ins kleinste Detail gepflegt, mit zeitgen\u00f6ssischem Design und warmen Farbt\u00f6nen, die eine entspannte und raffinierte Atmosph\u00e4re schaffen. <\/p>\n<p>Das gro\u00dfe und bequeme franz\u00f6sische Bett ist ideal f\u00fcr Paare oder Alleinreisende, die sich erholsam ausruhen m\u00f6chten. Die Zimmer sind mit einem eigenen Bad mit ger\u00e4umiger Dusche oder Badewanne, Pflegeprodukten, Safe, Haartrockner und hochwertiger Bettw\u00e4sche ausgestattet. Den G\u00e4sten stehen au\u00dferdem kostenloses WLAN, Flachbildfernseher, Klimaanlage und Minibar zur Verf\u00fcgung.  <\/p>\n<p>Dank der zentralen Lage des Hotels sind die Zimmer die perfekte Wahl f\u00fcr alle, die Trient zu Fu\u00df erkunden m\u00f6chten, mit seinen Museen, historischen Pl\u00e4tzen und typischen Lokalen. Die elegante Atmosph\u00e4re und die Liebe zum Detail machen jeden Aufenthalt im Nine Rooms Trento zu einem Erlebnis voller Komfort und Stil, ideal f\u00fcr kurze romantische Ausfl\u00fcge oder Gesch\u00e4ftsreisen.[\/et_pb_text][et_pb_button button_url=&#8220;https:\/\/booking.inreception.com\/9double&#8220; button_text=&#8220;Verf\u00fcgbarkeit pr\u00fcfen&#8220; button_alignment=&#8220;center&#8220; _builder_version=&#8220;4.27.5&#8243; _module_preset=&#8220;84dde62d-71b5-4131-9dda-f9d54e317594&#8243; hover_enabled=&#8220;0&#8243; locked=&#8220;off&#8220; global_colors_info=&#8220;{}&#8220; url_new_window=&#8220;on&#8220; sticky_enabled=&#8220;0&#8243;][\/et_pb_button][\/et_pb_column][et_pb_column type=&#8220;1_2&#8243; _builder_version=&#8220;4.25.2&#8243; _module_preset=&#8220;default&#8220; global_colors_info=&#8220;{}&#8220;][et_pb_gallery gallery_ids=&#8220;380,381,382,383,384,385,386,387,388,389&#8243; orientation=&#8220;portrait&#8220; show_title_and_caption=&#8220;off&#8220; _builder_version=&#8220;4.27.5&#8243; _module_preset=&#8220;default&#8220; global_colors_info=&#8220;{}&#8220;][\/et_pb_gallery][\/et_pb_column][\/et_pb_row][et_pb_row column_structure=&#8220;1_2,1_2&#8243; use_custom_gutter=&#8220;on&#8220; gutter_width=&#8220;2&#8243; _builder_version=&#8220;4.25.2&#8243; _module_preset=&#8220;1558413a-cabc-43ae-aee1-915e11673859&#8243; global_colors_info=&#8220;{}&#8220;][et_pb_column type=&#8220;1_2&#8243; _builder_version=&#8220;4.25.2&#8243; _module_preset=&#8220;default&#8220; global_colors_info=&#8220;{}&#8220;][et_pb_heading title=&#8220;Familiensuiten mit 6 Betten&#8220; _builder_version=&#8220;4.27.5&#8243; _module_preset=&#8220;a290d198-8df6-4d6e-b7fc-f2c6786b1b4e&#8220; title_font=&#8220;Arimo|700|||||||&#8220; custom_margin=&#8220;||0px||false|false&#8220; locked=&#8220;off&#8220; global_colors_info=&#8220;{}&#8220;][\/et_pb_heading][et_pb_text _builder_version=&#8220;4.27.5&#8243; _module_preset=&#8220;default&#8220; global_colors_info=&#8220;{}&#8220;]Die Familiensuiten des Nine Rooms Trento sind die ideale L\u00f6sung f\u00fcr Gruppen oder Familien, die viel Platz, Komfort und Privatsph\u00e4re im Herzen der Stadt suchen. Mit einer Kapazit\u00e4t f\u00fcr bis zu sechs Personen bieten diese Suiten zwei separate Zimmer und ein modernes Badezimmer und garantieren einen entspannten und funktionalen Aufenthalt f\u00fcr jeden Bedarf. <\/p>\n<p>Die hellen und geschmackvoll im zeitgen\u00f6ssischen Stil eingerichteten R\u00e4ume verbinden Eleganz und Funktionalit\u00e4t. Die Zimmer sind mit bequemen Doppel- oder Einzelbetten mit hochwertiger Bettw\u00e4sche, ger\u00e4umigen Schr\u00e4nken und liebevollen Details ausgestattet, die eine gem\u00fctliche und raffinierte Atmosph\u00e4re schaffen. Das ger\u00e4umige und gut ausgestattete Badezimmer verf\u00fcgt \u00fcber eine Dusche oder Badewanne, einen Haartrockner und Pflegeprodukte.  <\/p>\n<p>Jede Suite ist mit kostenlosem WLAN, Flachbildfernseher, Safe, Klimaanlage und Tee- und Kaffeekocher ausgestattet, um einen rundum angenehmen Aufenthalt zu gew\u00e4hrleisten. Einige Suiten bieten zudem einen beeindruckenden Blick \u00fcber die D\u00e4cher von Trient oder die umliegenden Berge. <\/p>\n<p>Dank der zentralen Lage des Nine Rooms Trento sind die Familiensuiten der perfekte Ausgangspunkt, um die Stadt und ihre Umgebung mit ihrer Kultur, Natur und Tradition zu erkunden. Eine ger\u00e4umige und einladende Umgebung, in der Komfort und Stil aufeinander treffen, um jeden Aufenthalt zu einem unvergesslichen Erlebnis zu machen.[\/et_pb_text][et_pb_button button_url=&#8220;https:\/\/booking.inreception.com\/9suites&#8220; button_text=&#8220;Verf\u00fcgbarkeit pr\u00fcfen&#8220; button_alignment=&#8220;center&#8220; _builder_version=&#8220;4.27.5&#8243; _module_preset=&#8220;84dde62d-71b5-4131-9dda-f9d54e317594&#8243; hover_enabled=&#8220;0&#8243; locked=&#8220;off&#8220; global_colors_info=&#8220;{}&#8220; sticky_enabled=&#8220;0&#8243;][\/et_pb_button][\/et_pb_column][et_pb_column type=&#8220;1_2&#8243; _builder_version=&#8220;4.25.2&#8243; _module_preset=&#8220;default&#8220; global_colors_info=&#8220;{}&#8220;][et_pb_gallery gallery_ids=&#8220;390,391,392,393,394,395,396,397&#8243; orientation=&#8220;portrait&#8220; show_title_and_caption=&#8220;off&#8220; _builder_version=&#8220;4.27.5&#8243; _module_preset=&#8220;default&#8220; locked=&#8220;off&#8220; global_colors_info=&#8220;{}&#8220;][\/et_pb_gallery][\/et_pb_column][\/et_pb_row][et_pb_row column_structure=&#8220;1_2,1_2&#8243; use_custom_gutter=&#8220;on&#8220; gutter_width=&#8220;2&#8243; _builder_version=&#8220;4.25.2&#8243; _module_preset=&#8220;1558413a-cabc-43ae-aee1-915e11673859&#8243; custom_padding=&#8220;||98px|||&#8220; global_colors_info=&#8220;{}&#8220;][et_pb_column type=&#8220;1_2&#8243; _builder_version=&#8220;4.25.2&#8243; _module_preset=&#8220;default&#8220; global_colors_info=&#8220;{}&#8220;][et_pb_heading title=&#8220;Doppel- und Vierbettzimmer mit Gemeinschaftsbad&#8220; _builder_version=&#8220;4.27.5&#8243; _module_preset=&#8220;a290d198-8df6-4d6e-b7fc-f2c6786b1b4e&#8220; title_font=&#8220;Arimo|700|||||||&#8220; custom_margin=&#8220;||0px||false|false&#8220; locked=&#8220;off&#8220; global_colors_info=&#8220;{}&#8220;][\/et_pb_heading][et_pb_text _builder_version=&#8220;4.27.5&#8243; _module_preset=&#8220;default&#8220; global_colors_info=&#8220;{}&#8220;]Die Doppel- und Vierbettzimmer mit Gemeinschaftsbad des Nine Rooms Trento bieten eine praktische, gem\u00fctliche und g\u00fcnstige L\u00f6sung f\u00fcr alle, die im Stadtzentrum \u00fcbernachten m\u00f6chten, ohne auf Komfort zu verzichten. Diese Zimmer sind ideal f\u00fcr Paare, Familien oder kleine Gruppen von Freunden und verbinden Funktionalit\u00e4t und Stil in einem modernen und gepflegten Ambiente. <\/p>\n<p>Jedes Zimmer ist geschmackvoll und zeitgem\u00e4\u00df eingerichtet und zeichnet sich durch beruhigende Farbt\u00f6ne und nat\u00fcrliche Materialien aus, die eine warme und angenehme Atmosph\u00e4re schaffen. Die gro\u00dfen und bequemen Betten garantieren einen erholsamen Schlaf, w\u00e4hrend die R\u00e4ume so gestaltet sind, dass sie Komfort und Privatsph\u00e4re bieten. Die Vierbettzimmer verf\u00fcgen \u00fcber ein zus\u00e4tzliches Schlafsofa und sind perfekt f\u00fcr bis zu vier Personen geeignet.  <\/p>\n<p>Das Gemeinschaftsbad, das stets in einwandfreiem Zustand gehalten wird, ist mit einer Dusche oder Badewanne, einem Haartrockner und Pflegeprodukten ausgestattet und bietet allen G\u00e4sten Komfort und Bequemlichkeit.<\/p>\n<p>Alle Zimmer verf\u00fcgen \u00fcber kostenloses WLAN, Klimaanlage, Safe, Flachbildfernseher und K\u00fchlschrank.<\/p>\n<p>Dank der strategisch g\u00fcnstigen Lage des Nine Rooms Trento, nur wenige Schritte von den wichtigsten Sehensw\u00fcrdigkeiten entfernt, sind diese Zimmer die ideale Wahl f\u00fcr alle, die einen komfortablen, funktionalen und stilvoll gestalteten Aufenthalt im Herzen von Trient[\/et_pb_text][et_pb_button button_url=&#8220;https:\/\/booking.inreception.com\/9shared&#8220; button_text=&#8220;Verf\u00fcgbarkeit pr\u00fcfen&#8220; button_alignment=&#8220;center&#8220; _builder_version=&#8220;4.27.5&#8243; _module_preset=&#8220;84dde62d-71b5-4131-9dda-f9d54e317594&#8243; hover_enabled=&#8220;0&#8243; locked=&#8220;off&#8220; global_colors_info=&#8220;{}&#8220; url_new_window=&#8220;on&#8220; sticky_enabled=&#8220;0&#8243;][\/et_pb_button][\/et_pb_column][et_pb_column type=&#8220;1_2&#8243; _builder_version=&#8220;4.25.2&#8243; _module_preset=&#8220;default&#8220; global_colors_info=&#8220;{}&#8220;][et_pb_gallery gallery_ids=&#8220;390,391,392,393,394,395,396,397&#8243; orientation=&#8220;portrait&#8220; show_title_and_caption=&#8220;off&#8220; _builder_version=&#8220;4.27.5&#8243; _module_preset=&#8220;default&#8220; locked=&#8220;off&#8220; global_colors_info=&#8220;{}&#8220;][\/et_pb_gallery][\/et_pb_column][\/et_pb_row][et_pb_row column_structure=&#8220;1_2,1_2&#8243; use_custom_gutter=&#8220;on&#8220; gutter_width=&#8220;2&#8243; _builder_version=&#8220;4.25.2&#8243; _module_preset=&#8220;1558413a-cabc-43ae-aee1-915e11673859&#8243; custom_padding=&#8220;||98px|||&#8220; global_colors_info=&#8220;{}&#8220;][et_pb_column type=&#8220;1_2&#8243; _builder_version=&#8220;4.25.2&#8243; _module_preset=&#8220;default&#8220; global_colors_info=&#8220;{}&#8220;][et_pb_heading title=&#8220;Einzimmerwohnungen mit Kochnische, Balkon oder Terrasse&#8220; _builder_version=&#8220;4.27.5&#8243; _module_preset=&#8220;a290d198-8df6-4d6e-b7fc-f2c6786b1b4e&#8220; title_font=&#8220;Arimo|700|||||||&#8220; custom_margin=&#8220;||0px||false|false&#8220; locked=&#8220;off&#8220; global_colors_info=&#8220;{}&#8220;][\/et_pb_heading][et_pb_text _builder_version=&#8220;4.27.5&#8243; _module_preset=&#8220;default&#8220; global_colors_info=&#8220;{}&#8220;]Die Einzimmerwohnungen des Nine Rooms Trento bieten eine perfekte Balance zwischen Komfort, Unabh\u00e4ngigkeit und Stil und sind ideal f\u00fcr diejenigen, die einen Aufenthalt in v\u00f6lliger Unabh\u00e4ngigkeit im Herzen der Stadt verbringen m\u00f6chten. Jeder Raum ist so gestaltet, dass er Funktionalit\u00e4t und Gem\u00fctlichkeit garantiert, mit hellen und modernen R\u00e4umen, die Eleganz und Praktikabilit\u00e4t vereinen. <\/p>\n<p>Ausgestattet mit einer komfortablen, voll ausgestatteten Kochnische, erm\u00f6glichen die Einzimmerwohnungen dank Herd, K\u00fchlschrank, K\u00fcchenutensilien und Geschirr die Zubereitung von Mahlzeiten in v\u00f6lliger Freiheit. Der Schlafbereich mit Doppelschlafsofa und Zustellbett ist mit zeitgen\u00f6ssischem Geschmack und hochwertigen Materialien eingerichtet und schafft eine entspannte und raffinierte Atmosph\u00e4re. <\/p>\n<p>Das moderne und funktionale Badezimmer verf\u00fcgt \u00fcber eine Dusche, einen Haartrockner und Pflegeprodukte. Jedes Studio ist au\u00dferdem mit kostenlosem WLAN, Klimaanlage, Flachbildfernseher, Safe und Essbereich ausgestattet. <\/p>\n<p>Um Ihren Aufenthalt noch angenehmer zu gestalten, gibt es einen Balkon oder eine private Terrasse, auf der Sie sich im Freien entspannen und die D\u00e4cher von Trient oder die Berge rund um die Stadt bewundern k\u00f6nnen.<\/p>\n<p>Dank der zentralen Lage des Nine Rooms Trento sind die Studios die ideale Wahl f\u00fcr kurze oder l\u00e4ngere Aufenthalte, sowohl f\u00fcr Gesch\u00e4ftsreisen als auch f\u00fcr Urlaube, und bieten die Freiheit, sich in einer eleganten und einladenden Umgebung wie zu Hause zu f\u00fchlen.[\/et_pb_text][et_pb_button button_url=&#8220;https:\/\/booking.inreception.com\/9studio&#8220; button_text=&#8220;Verf\u00fcgbarkeit pr\u00fcfen&#8220; button_alignment=&#8220;center&#8220; _builder_version=&#8220;4.27.5&#8243; _module_preset=&#8220;84dde62d-71b5-4131-9dda-f9d54e317594&#8243; hover_enabled=&#8220;0&#8243; locked=&#8220;off&#8220; global_colors_info=&#8220;{}&#8220; url_new_window=&#8220;on&#8220; sticky_enabled=&#8220;0&#8243;][\/et_pb_button][\/et_pb_column][et_pb_column type=&#8220;1_2&#8243; _builder_version=&#8220;4.25.2&#8243; _module_preset=&#8220;default&#8220; global_colors_info=&#8220;{}&#8220;][et_pb_gallery gallery_ids=&#8220;398,399,400,401,402,403&#8243; orientation=&#8220;portrait&#8220; show_title_and_caption=&#8220;off&#8220; _builder_version=&#8220;4.27.5&#8243; _module_preset=&#8220;default&#8220; locked=&#8220;off&#8220; global_colors_info=&#8220;{}&#8220;][\/et_pb_gallery][\/et_pb_column][\/et_pb_row][\/et_pb_section][et_pb_section fb_built=&#8220;1&#8243; admin_label=&#8220;Call To Action&#8220; _builder_version=&#8220;4.27.5&#8243; _module_preset=&#8220;b4c851ce-d31f-4e82-b3fe-3f8f505f891a&#8220; top_divider_style=&#8220;arrow2&#8243; top_divider_color=&#8220;#FFFFFF&#8220; locked=&#8220;off&#8220; global_colors_info=&#8220;{%22gcid-b6c4f12c-f25d-4f61-9fb1-6e96404634cd%22:%91%22background_color%22%93}&#8220;][et_pb_row _builder_version=&#8220;4.26.0&#8243; _module_preset=&#8220;default&#8220; max_width=&#8220;900px&#8220; custom_padding=&#8220;69px|||||&#8220; locked=&#8220;off&#8220; global_colors_info=&#8220;{}&#8220;][et_pb_column type=&#8220;4_4&#8243; _builder_version=&#8220;4.25.2&#8243; _module_preset=&#8220;default&#8220; global_colors_info=&#8220;{}&#8220;][et_pb_heading title=&#8220;Informationen anfordern&#8220; _builder_version=&#8220;4.27.5&#8243; _module_preset=&#8220;119be2d5-1767-41cf-b4e2-2f68ae14059b&#8220; title_text_align=&#8220;center&#8220; title_text_color=&#8220;gcid-secondary-color&#8220; locked=&#8220;off&#8220; global_colors_info=&#8220;{%22gcid-secondary-color%22:%91%22title_text_color%22%93}&#8220;][\/et_pb_heading][et_pb_heading title=&#8220;Ben\u00f6tigen Sie Beratung bei der Auswahl Ihres Zimmers?&#8220; _builder_version=&#8220;4.27.5&#8243; _module_preset=&#8220;4eb153cd-eac9-4d3a-9bc5-a7e8c06029b6&#8243; title_text_align=&#8220;center&#8220; max_width=&#8220;900px&#8220; module_alignment=&#8220;center&#8220; custom_padding=&#8220;|42px||50px||&#8220; locked=&#8220;off&#8220; global_colors_info=&#8220;{}&#8220;][\/et_pb_heading][et_pb_button button_url=&#8220;https:\/\/www.nineroomstrento.it\/de\/kontakte\/&#8220; button_text=&#8220;Kontaktieren Sie uns&#8220; button_alignment=&#8220;center&#8220; _builder_version=&#8220;4.27.5&#8243; _module_preset=&#8220;84dde62d-71b5-4131-9dda-f9d54e317594&#8243; locked=&#8220;off&#8220; global_colors_info=&#8220;{}&#8220;][\/et_pb_button][\/et_pb_column][\/et_pb_row][\/et_pb_section]<\/p>\n","protected":false},"excerpt":{"rendered":"<p>Die Doppelzimmer mit franz\u00f6sischem Bett im Nine Rooms Trento bieten eine intime, moderne und einladende Atmosph\u00e4re, die Ihnen w\u00e4hrend Ihres Aufenthalts im Herzen der Stadt h\u00f6chsten Komfort garantiert. Jeder Raum ist bis ins kleinste Detail gepflegt, mit zeitgen\u00f6ssischem Design und warmen Farbt\u00f6nen, die eine entspannte und raffinierte Atmosph\u00e4re schaffen. Das gro\u00dfe und bequeme franz\u00f6sische Bett [&hellip;]<\/p>\n","protected":false},"author":1,"featured_media":0,"parent":0,"menu_order":0,"comment_status":"closed","ping_status":"closed","template":"","meta":{"_et_pb_use_builder":"on","_et_pb_old_content":"","_et_gb_content_width":"","footnotes":""},"class_list":["post-379","page","type-page","status-publish","hentry"],"yoast_head":"<!-- This site is optimized with the Yoast SEO plugin v27.0 - https:\/\/yoast.com\/product\/yoast-seo-wordpress\/ -->\n<title>Zimmer und Suiten - Nine Rooms Trento<\/title>\n<meta name=\"robots\" content=\"noindex, follow, max-snippet:-1, max-image-preview:large, max-video-preview:-1\" \/>\n<meta property=\"og:locale\" content=\"de_DE\" \/>\n<meta property=\"og:type\" content=\"article\" \/>\n<meta property=\"og:title\" content=\"Zimmer und Suiten - Nine Rooms Trento\" \/>\n<meta property=\"og:description\" content=\"Die Doppelzimmer mit franz\u00f6sischem Bett im Nine Rooms Trento bieten eine intime, moderne und einladende Atmosph\u00e4re, die Ihnen w\u00e4hrend Ihres Aufenthalts im Herzen der Stadt h\u00f6chsten Komfort garantiert. Jeder Raum ist bis ins kleinste Detail gepflegt, mit zeitgen\u00f6ssischem Design und warmen Farbt\u00f6nen, die eine entspannte und raffinierte Atmosph\u00e4re schaffen. Das gro\u00dfe und bequeme franz\u00f6sische Bett [&hellip;]\" \/>\n<meta property=\"og:url\" content=\"https:\/\/www.nineroomstrento.it\/de\/zimmer-und-suiten\/\" \/>\n<meta property=\"og:site_name\" content=\"Nine Rooms Trento\" \/>\n<meta property=\"article:modified_time\" content=\"2026-01-27T18:31:13+00:00\" \/>\n<meta name=\"twitter:card\" content=\"summary_large_image\" \/>\n<meta name=\"twitter:label1\" content=\"Gesch\u00e4tzte Lesezeit\" \/>\n\t<meta name=\"twitter:data1\" content=\"10\u00a0Minuten\" \/>\n<script type=\"application\/ld+json\" class=\"yoast-schema-graph\">{\"@context\":\"https:\/\/schema.org\",\"@graph\":[{\"@type\":\"WebPage\",\"@id\":\"https:\/\/www.nineroomstrento.it\/de\/zimmer-und-suiten\/\",\"url\":\"https:\/\/www.nineroomstrento.it\/de\/zimmer-und-suiten\/\",\"name\":\"Zimmer und Suiten - Nine Rooms Trento\",\"isPartOf\":{\"@id\":\"https:\/\/www.nineroomstrento.it\/de\/#website\"},\"datePublished\":\"2025-08-08T11:53:36+00:00\",\"dateModified\":\"2026-01-27T18:31:13+00:00\",\"breadcrumb\":{\"@id\":\"https:\/\/www.nineroomstrento.it\/de\/zimmer-und-suiten\/#breadcrumb\"},\"inLanguage\":\"de\",\"potentialAction\":[{\"@type\":\"ReadAction\",\"target\":[\"https:\/\/www.nineroomstrento.it\/de\/zimmer-und-suiten\/\"]}]},{\"@type\":\"BreadcrumbList\",\"@id\":\"https:\/\/www.nineroomstrento.it\/de\/zimmer-und-suiten\/#breadcrumb\",\"itemListElement\":[{\"@type\":\"ListItem\",\"position\":1,\"name\":\"Home\",\"item\":\"https:\/\/www.nineroomstrento.it\/de\/home\/\"},{\"@type\":\"ListItem\",\"position\":2,\"name\":\"Zimmer und Suiten\"}]},{\"@type\":\"WebSite\",\"@id\":\"https:\/\/www.nineroomstrento.it\/de\/#website\",\"url\":\"https:\/\/www.nineroomstrento.it\/de\/\",\"name\":\"Affitti brevi in Trentino\",\"description\":\"L&#039;extra-alberghiero in Trentino\",\"publisher\":{\"@id\":\"https:\/\/www.nineroomstrento.it\/de\/#organization\"},\"potentialAction\":[{\"@type\":\"SearchAction\",\"target\":{\"@type\":\"EntryPoint\",\"urlTemplate\":\"https:\/\/www.nineroomstrento.it\/de\/?s={search_term_string}\"},\"query-input\":{\"@type\":\"PropertyValueSpecification\",\"valueRequired\":true,\"valueName\":\"search_term_string\"}}],\"inLanguage\":\"de\"},{\"@type\":\"Organization\",\"@id\":\"https:\/\/www.nineroomstrento.it\/de\/#organization\",\"name\":\"Affitti brevi in Trentino\",\"url\":\"https:\/\/www.nineroomstrento.it\/de\/\",\"logo\":{\"@type\":\"ImageObject\",\"inLanguage\":\"de\",\"@id\":\"https:\/\/www.nineroomstrento.it\/de\/#\/schema\/logo\/image\/\",\"url\":\"https:\/\/www.nineroomstrento.it\/wp-content\/uploads\/2025\/08\/IMMAGINE-PROFILO.png\",\"contentUrl\":\"https:\/\/www.nineroomstrento.it\/wp-content\/uploads\/2025\/08\/IMMAGINE-PROFILO.png\",\"width\":475,\"height\":472,\"caption\":\"Affitti brevi in Trentino\"},\"image\":{\"@id\":\"https:\/\/www.nineroomstrento.it\/de\/#\/schema\/logo\/image\/\"}}]}<\/script>\n<!-- \/ Yoast SEO plugin. -->","yoast_head_json":{"title":"Zimmer und Suiten - Nine Rooms Trento","robots":{"index":"noindex","follow":"follow","max-snippet":"max-snippet:-1","max-image-preview":"max-image-preview:large","max-video-preview":"max-video-preview:-1"},"og_locale":"de_DE","og_type":"article","og_title":"Zimmer und Suiten - Nine Rooms Trento","og_description":"Die Doppelzimmer mit franz\u00f6sischem Bett im Nine Rooms Trento bieten eine intime, moderne und einladende Atmosph\u00e4re, die Ihnen w\u00e4hrend Ihres Aufenthalts im Herzen der Stadt h\u00f6chsten Komfort garantiert. Jeder Raum ist bis ins kleinste Detail gepflegt, mit zeitgen\u00f6ssischem Design und warmen Farbt\u00f6nen, die eine entspannte und raffinierte Atmosph\u00e4re schaffen. Das gro\u00dfe und bequeme franz\u00f6sische Bett [&hellip;]","og_url":"https:\/\/www.nineroomstrento.it\/de\/zimmer-und-suiten\/","og_site_name":"Nine Rooms Trento","article_modified_time":"2026-01-27T18:31:13+00:00","twitter_card":"summary_large_image","twitter_misc":{"Gesch\u00e4tzte Lesezeit":"10\u00a0Minuten"},"schema":{"@context":"https:\/\/schema.org","@graph":[{"@type":"WebPage","@id":"https:\/\/www.nineroomstrento.it\/de\/zimmer-und-suiten\/","url":"https:\/\/www.nineroomstrento.it\/de\/zimmer-und-suiten\/","name":"Zimmer und Suiten - Nine Rooms Trento","isPartOf":{"@id":"https:\/\/www.nineroomstrento.it\/de\/#website"},"datePublished":"2025-08-08T11:53:36+00:00","dateModified":"2026-01-27T18:31:13+00:00","breadcrumb":{"@id":"https:\/\/www.nineroomstrento.it\/de\/zimmer-und-suiten\/#breadcrumb"},"inLanguage":"de","potentialAction":[{"@type":"ReadAction","target":["https:\/\/www.nineroomstrento.it\/de\/zimmer-und-suiten\/"]}]},{"@type":"BreadcrumbList","@id":"https:\/\/www.nineroomstrento.it\/de\/zimmer-und-suiten\/#breadcrumb","itemListElement":[{"@type":"ListItem","position":1,"name":"Home","item":"https:\/\/www.nineroomstrento.it\/de\/home\/"},{"@type":"ListItem","position":2,"name":"Zimmer und Suiten"}]},{"@type":"WebSite","@id":"https:\/\/www.nineroomstrento.it\/de\/#website","url":"https:\/\/www.nineroomstrento.it\/de\/","name":"Affitti brevi in Trentino","description":"L&#039;extra-alberghiero in Trentino","publisher":{"@id":"https:\/\/www.nineroomstrento.it\/de\/#organization"},"potentialAction":[{"@type":"SearchAction","target":{"@type":"EntryPoint","urlTemplate":"https:\/\/www.nineroomstrento.it\/de\/?s={search_term_string}"},"query-input":{"@type":"PropertyValueSpecification","valueRequired":true,"valueName":"search_term_string"}}],"inLanguage":"de"},{"@type":"Organization","@id":"https:\/\/www.nineroomstrento.it\/de\/#organization","name":"Affitti brevi in Trentino","url":"https:\/\/www.nineroomstrento.it\/de\/","logo":{"@type":"ImageObject","inLanguage":"de","@id":"https:\/\/www.nineroomstrento.it\/de\/#\/schema\/logo\/image\/","url":"https:\/\/www.nineroomstrento.it\/wp-content\/uploads\/2025\/08\/IMMAGINE-PROFILO.png","contentUrl":"https:\/\/www.nineroomstrento.it\/wp-content\/uploads\/2025\/08\/IMMAGINE-PROFILO.png","width":475,"height":472,"caption":"Affitti brevi in Trentino"},"image":{"@id":"https:\/\/www.nineroomstrento.it\/de\/#\/schema\/logo\/image\/"}}]}},"_links":{"self":[{"href":"https:\/\/www.nineroomstrento.it\/de\/wp-json\/wp\/v2\/pages\/379","targetHints":{"allow":["GET"]}}],"collection":[{"href":"https:\/\/www.nineroomstrento.it\/de\/wp-json\/wp\/v2\/pages"}],"about":[{"href":"https:\/\/www.nineroomstrento.it\/de\/wp-json\/wp\/v2\/types\/page"}],"author":[{"embeddable":true,"href":"https:\/\/www.nineroomstrento.it\/de\/wp-json\/wp\/v2\/users\/1"}],"replies":[{"embeddable":true,"href":"https:\/\/www.nineroomstrento.it\/de\/wp-json\/wp\/v2\/comments?post=379"}],"version-history":[{"count":7,"href":"https:\/\/www.nineroomstrento.it\/de\/wp-json\/wp\/v2\/pages\/379\/revisions"}],"predecessor-version":[{"id":421,"href":"https:\/\/www.nineroomstrento.it\/de\/wp-json\/wp\/v2\/pages\/379\/revisions\/421"}],"wp:attachment":[{"href":"https:\/\/www.nineroomstrento.it\/de\/wp-json\/wp\/v2\/media?parent=379"}],"curies":[{"name":"wp","href":"https:\/\/api.w.org\/{rel}","templated":true}]}}