{"id":407,"date":"2025-08-08T13:53:36","date_gmt":"2025-08-08T11:53:36","guid":{"rendered":"https:\/\/www.nineroomstrento.it\/kontakte\/"},"modified":"2026-02-27T18:17:29","modified_gmt":"2026-02-27T17:17:29","slug":"kontakte","status":"publish","type":"page","link":"https:\/\/www.nineroomstrento.it\/de\/kontakte\/","title":{"rendered":"Kontakte"},"content":{"rendered":"<p>[et_pb_section fb_built=&#8220;1&#8243; admin_label=&#8220;Contact&#8220; _builder_version=&#8220;4.25.2&#8243; _module_preset=&#8220;default&#8220; background_enable_color=&#8220;off&#8220; locked=&#8220;off&#8220; global_colors_info=&#8220;{%22gcid-b6c4f12c-f25d-4f61-9fb1-6e96404634cd%22:%91%22background_color%22%93}&#8220;][et_pb_row _builder_version=&#8220;4.25.2&#8243; _module_preset=&#8220;1558413a-cabc-43ae-aee1-915e11673859&#8243; custom_padding=&#8220;||0px|||&#8220; global_colors_info=&#8220;{}&#8220;][et_pb_column type=&#8220;4_4&#8243; _builder_version=&#8220;4.25.2&#8243; _module_preset=&#8220;default&#8220; global_colors_info=&#8220;{}&#8220;][et_pb_heading title=&#8220;Kontaktieren Sie uns&#8220; _builder_version=&#8220;4.26.0&#8243; _module_preset=&#8220;90e142ce-bc18-4c52-8803-8f57fece6c4f&#8220; custom_margin=&#8220;||10px||false|false&#8220; global_colors_info=&#8220;{}&#8220;][\/et_pb_heading][\/et_pb_column][\/et_pb_row][et_pb_row column_structure=&#8220;1_2,1_2&#8243; _builder_version=&#8220;4.26.0&#8243; _module_preset=&#8220;1558413a-cabc-43ae-aee1-915e11673859&#8243; global_colors_info=&#8220;{}&#8220;][et_pb_column type=&#8220;1_2&#8243; _builder_version=&#8220;4.25.2&#8243; _module_preset=&#8220;default&#8220; global_colors_info=&#8220;{}&#8220;][et_pb_text _builder_version=&#8220;4.27.5&#8243; _module_preset=&#8220;bdb43048-1d93-4e2d-9aec-4a1d8af54ddc&#8220; global_colors_info=&#8220;{}&#8220;]Ben\u00f6tigen Sie Informationen zu Ihrem Aufenthalt in Trient oder w\u00fcnschen Sie eine Beratung zu dem Zimmer, das Ihren Bed\u00fcrfnissen am besten entspricht?<br \/>\nWir stehen Ihnen gerne zur Verf\u00fcgung, um Ihre Fragen zu beantworten und Ihnen bei der optimalen Organisation Ihres Aufenthalts im Nine Rooms Trento zu helfen.[\/et_pb_text][et_pb_blurb title=&#8220;Rechtliche Hinweise&#8220; use_icon=&#8220;on&#8220; font_icon=&#8220;&#xf007;||fa||900&#8243; _builder_version=&#8220;4.27.6&#8243; _module_preset=&#8220;86fcbfab-c9c7-4196-8777-7a1fc7363609&#8243; global_colors_info=&#8220;{}&#8220;]<\/p>\n<p>AFFITTI BREVI TRENTINO DI DOTTI MALAVASI SAMANTHA<br \/>Via Francesco Guardi 6 CAP 38122 Trento<br \/>Numero REA: TN &#8211; 246002<br \/>Codice fiscale e n.iscr. al Registro Imprese: DTTSNT71M44L424V<br \/>Partita IVA: 02733330225<br \/>Forma giuridica: impresa individuale <\/p>\n<p>[\/et_pb_blurb][et_pb_blurb title=&#8220;Telefon&#8220; use_icon=&#8220;on&#8220; font_icon=&#8220;&#xf10b;||fa||900&#8243; _builder_version=&#8220;4.27.5&#8243; _module_preset=&#8220;86fcbfab-c9c7-4196-8777-7a1fc7363609&#8243; global_colors_info=&#8220;{}&#8220;]+39 0461 085848<br \/>\n+39 335 3538262[\/et_pb_blurb][et_pb_blurb title=&#8220;Email&#8220; use_icon=&#8220;on&#8220; font_icon=&#8220;&#xf658;||fa||900&#8243; _builder_version=&#8220;4.27.5&#8243; _module_preset=&#8220;86fcbfab-c9c7-4196-8777-7a1fc7363609&#8243; global_colors_info=&#8220;{}&#8220;]<\/p>\n<p><a href=\"mailto:info@nineroomstrento.it\" target=\"_blank\" rel=\"noopener\">info@nineroomstrento.it<\/a><\/p>\n<p>[\/et_pb_blurb][et_pb_blurb title=&#8220;facebook&#8220; use_icon=&#8220;on&#8220; font_icon=&#8220;&#xe0aa;||divi||400&#8243; _builder_version=&#8220;4.27.5&#8243; _module_preset=&#8220;86fcbfab-c9c7-4196-8777-7a1fc7363609&#8243; link_option_url=&#8220;https:\/\/www.facebook.com\/profile.php?id=61563007986653&#8243; link_option_url_new_window=&#8220;on&#8220; global_colors_info=&#8220;{}&#8220;][\/et_pb_blurb][et_pb_blurb title=&#8220;instagram&#8220; use_icon=&#8220;on&#8220; font_icon=&#8220;&#xe09a;||divi||400&#8243; _builder_version=&#8220;4.27.5&#8243; _module_preset=&#8220;86fcbfab-c9c7-4196-8777-7a1fc7363609&#8243; link_option_url=&#8220;https:\/\/www.instagram.com\/nineroomstrento&#8220; link_option_url_new_window=&#8220;on&#8220; global_colors_info=&#8220;{}&#8220;][\/et_pb_blurb][\/et_pb_column][et_pb_column type=&#8220;1_2&#8243; _builder_version=&#8220;4.26.0&#8243; _module_preset=&#8220;60d6f064-0aae-4aa5-a3fb-803fd66d43df&#8220; global_colors_info=&#8220;{}&#8220;][et_pb_image src=&#8220;https:\/\/www.nineroomstrento.it\/wp-content\/uploads\/2026\/01\/dove-siamo.png&#8220; title_text=&#8220;dove-siamo&#8220; url=&#8220;https:\/\/share.google\/A64qH3Bct2pCAucNw&#8220; url_new_window=&#8220;on&#8220; _builder_version=&#8220;4.27.6&#8243; _module_preset=&#8220;default&#8220; global_colors_info=&#8220;{}&#8220;][\/et_pb_image][et_pb_blurb title=&#8220;Wo wir sind&#8220; use_icon=&#8220;on&#8220; font_icon=&#8220;&#xf276;||fa||900&#8243; _builder_version=&#8220;4.27.6&#8243; _module_preset=&#8220;86fcbfab-c9c7-4196-8777-7a1fc7363609&#8243; link_option_url=&#8220;https:\/\/share.google\/A64qH3Bct2pCAucNw&#8220; link_option_url_new_window=&#8220;on&#8220; global_colors_info=&#8220;{}&#8220;]Via F. Guardi 6<br \/>\n38122 \u2013 Trento (TN)<br \/>\nCIN IT022205C1EUYZ2CD2[\/et_pb_blurb][\/et_pb_column][\/et_pb_row][\/et_pb_section]<\/p>\n","protected":false},"excerpt":{"rendered":"<p>Ben\u00f6tigen Sie Informationen zu Ihrem Aufenthalt in Trient oder w\u00fcnschen Sie eine Beratung zu dem Zimmer, das Ihren Bed\u00fcrfnissen am besten entspricht? Wir stehen Ihnen gerne zur Verf\u00fcgung, um Ihre Fragen zu beantworten und Ihnen bei der optimalen Organisation Ihres Aufenthalts im Nine Rooms Trento zu helfen.AFFITTI BREVI TRENTINO DI DOTTI MALAVASI SAMANTHAVia Francesco Guardi [&hellip;]<\/p>\n","protected":false},"author":1,"featured_media":0,"parent":0,"menu_order":0,"comment_status":"closed","ping_status":"closed","template":"","meta":{"_et_pb_use_builder":"on","_et_pb_old_content":"","_et_gb_content_width":"","footnotes":""},"class_list":["post-407","page","type-page","status-publish","hentry"],"yoast_head":"<!-- This site is optimized with the Yoast SEO plugin v27.0 - https:\/\/yoast.com\/product\/yoast-seo-wordpress\/ -->\n<title>Kontakte - Nine Rooms Trento<\/title>\n<meta name=\"robots\" content=\"noindex, follow, max-snippet:-1, max-image-preview:large, max-video-preview:-1\" \/>\n<meta property=\"og:locale\" content=\"de_DE\" \/>\n<meta property=\"og:type\" content=\"article\" \/>\n<meta property=\"og:title\" content=\"Kontakte - Nine Rooms Trento\" \/>\n<meta property=\"og:description\" content=\"Ben\u00f6tigen Sie Informationen zu Ihrem Aufenthalt in Trient oder w\u00fcnschen Sie eine Beratung zu dem Zimmer, das Ihren Bed\u00fcrfnissen am besten entspricht? Wir stehen Ihnen gerne zur Verf\u00fcgung, um Ihre Fragen zu beantworten und Ihnen bei der optimalen Organisation Ihres Aufenthalts im Nine Rooms Trento zu helfen.AFFITTI BREVI TRENTINO DI DOTTI MALAVASI SAMANTHAVia Francesco Guardi [&hellip;]\" \/>\n<meta property=\"og:url\" content=\"https:\/\/www.nineroomstrento.it\/de\/kontakte\/\" \/>\n<meta property=\"og:site_name\" content=\"Nine Rooms Trento\" \/>\n<meta property=\"article:modified_time\" content=\"2026-02-27T17:17:29+00:00\" \/>\n<meta name=\"twitter:card\" content=\"summary_large_image\" \/>\n<meta name=\"twitter:label1\" content=\"Gesch\u00e4tzte Lesezeit\" \/>\n\t<meta name=\"twitter:data1\" content=\"3\u00a0Minuten\" \/>\n<script type=\"application\/ld+json\" class=\"yoast-schema-graph\">{\"@context\":\"https:\/\/schema.org\",\"@graph\":[{\"@type\":\"WebPage\",\"@id\":\"https:\/\/www.nineroomstrento.it\/de\/kontakte\/\",\"url\":\"https:\/\/www.nineroomstrento.it\/de\/kontakte\/\",\"name\":\"Kontakte - Nine Rooms Trento\",\"isPartOf\":{\"@id\":\"https:\/\/www.nineroomstrento.it\/de\/#website\"},\"datePublished\":\"2025-08-08T11:53:36+00:00\",\"dateModified\":\"2026-02-27T17:17:29+00:00\",\"breadcrumb\":{\"@id\":\"https:\/\/www.nineroomstrento.it\/de\/kontakte\/#breadcrumb\"},\"inLanguage\":\"de\",\"potentialAction\":[{\"@type\":\"ReadAction\",\"target\":[\"https:\/\/www.nineroomstrento.it\/de\/kontakte\/\"]}]},{\"@type\":\"BreadcrumbList\",\"@id\":\"https:\/\/www.nineroomstrento.it\/de\/kontakte\/#breadcrumb\",\"itemListElement\":[{\"@type\":\"ListItem\",\"position\":1,\"name\":\"Home\",\"item\":\"https:\/\/www.nineroomstrento.it\/de\/home\/\"},{\"@type\":\"ListItem\",\"position\":2,\"name\":\"Kontakte\"}]},{\"@type\":\"WebSite\",\"@id\":\"https:\/\/www.nineroomstrento.it\/de\/#website\",\"url\":\"https:\/\/www.nineroomstrento.it\/de\/\",\"name\":\"Affitti brevi in Trentino\",\"description\":\"L&#039;extra-alberghiero in Trentino\",\"publisher\":{\"@id\":\"https:\/\/www.nineroomstrento.it\/de\/#organization\"},\"potentialAction\":[{\"@type\":\"SearchAction\",\"target\":{\"@type\":\"EntryPoint\",\"urlTemplate\":\"https:\/\/www.nineroomstrento.it\/de\/?s={search_term_string}\"},\"query-input\":{\"@type\":\"PropertyValueSpecification\",\"valueRequired\":true,\"valueName\":\"search_term_string\"}}],\"inLanguage\":\"de\"},{\"@type\":\"Organization\",\"@id\":\"https:\/\/www.nineroomstrento.it\/de\/#organization\",\"name\":\"Affitti brevi in Trentino\",\"url\":\"https:\/\/www.nineroomstrento.it\/de\/\",\"logo\":{\"@type\":\"ImageObject\",\"inLanguage\":\"de\",\"@id\":\"https:\/\/www.nineroomstrento.it\/de\/#\/schema\/logo\/image\/\",\"url\":\"https:\/\/www.nineroomstrento.it\/wp-content\/uploads\/2025\/08\/IMMAGINE-PROFILO.png\",\"contentUrl\":\"https:\/\/www.nineroomstrento.it\/wp-content\/uploads\/2025\/08\/IMMAGINE-PROFILO.png\",\"width\":475,\"height\":472,\"caption\":\"Affitti brevi in Trentino\"},\"image\":{\"@id\":\"https:\/\/www.nineroomstrento.it\/de\/#\/schema\/logo\/image\/\"}}]}<\/script>\n<!-- \/ Yoast SEO plugin. -->","yoast_head_json":{"title":"Kontakte - Nine Rooms Trento","robots":{"index":"noindex","follow":"follow","max-snippet":"max-snippet:-1","max-image-preview":"max-image-preview:large","max-video-preview":"max-video-preview:-1"},"og_locale":"de_DE","og_type":"article","og_title":"Kontakte - Nine Rooms Trento","og_description":"Ben\u00f6tigen Sie Informationen zu Ihrem Aufenthalt in Trient oder w\u00fcnschen Sie eine Beratung zu dem Zimmer, das Ihren Bed\u00fcrfnissen am besten entspricht? Wir stehen Ihnen gerne zur Verf\u00fcgung, um Ihre Fragen zu beantworten und Ihnen bei der optimalen Organisation Ihres Aufenthalts im Nine Rooms Trento zu helfen.AFFITTI BREVI TRENTINO DI DOTTI MALAVASI SAMANTHAVia Francesco Guardi [&hellip;]","og_url":"https:\/\/www.nineroomstrento.it\/de\/kontakte\/","og_site_name":"Nine Rooms Trento","article_modified_time":"2026-02-27T17:17:29+00:00","twitter_card":"summary_large_image","twitter_misc":{"Gesch\u00e4tzte Lesezeit":"3\u00a0Minuten"},"schema":{"@context":"https:\/\/schema.org","@graph":[{"@type":"WebPage","@id":"https:\/\/www.nineroomstrento.it\/de\/kontakte\/","url":"https:\/\/www.nineroomstrento.it\/de\/kontakte\/","name":"Kontakte - Nine Rooms Trento","isPartOf":{"@id":"https:\/\/www.nineroomstrento.it\/de\/#website"},"datePublished":"2025-08-08T11:53:36+00:00","dateModified":"2026-02-27T17:17:29+00:00","breadcrumb":{"@id":"https:\/\/www.nineroomstrento.it\/de\/kontakte\/#breadcrumb"},"inLanguage":"de","potentialAction":[{"@type":"ReadAction","target":["https:\/\/www.nineroomstrento.it\/de\/kontakte\/"]}]},{"@type":"BreadcrumbList","@id":"https:\/\/www.nineroomstrento.it\/de\/kontakte\/#breadcrumb","itemListElement":[{"@type":"ListItem","position":1,"name":"Home","item":"https:\/\/www.nineroomstrento.it\/de\/home\/"},{"@type":"ListItem","position":2,"name":"Kontakte"}]},{"@type":"WebSite","@id":"https:\/\/www.nineroomstrento.it\/de\/#website","url":"https:\/\/www.nineroomstrento.it\/de\/","name":"Affitti brevi in Trentino","description":"L&#039;extra-alberghiero in Trentino","publisher":{"@id":"https:\/\/www.nineroomstrento.it\/de\/#organization"},"potentialAction":[{"@type":"SearchAction","target":{"@type":"EntryPoint","urlTemplate":"https:\/\/www.nineroomstrento.it\/de\/?s={search_term_string}"},"query-input":{"@type":"PropertyValueSpecification","valueRequired":true,"valueName":"search_term_string"}}],"inLanguage":"de"},{"@type":"Organization","@id":"https:\/\/www.nineroomstrento.it\/de\/#organization","name":"Affitti brevi in Trentino","url":"https:\/\/www.nineroomstrento.it\/de\/","logo":{"@type":"ImageObject","inLanguage":"de","@id":"https:\/\/www.nineroomstrento.it\/de\/#\/schema\/logo\/image\/","url":"https:\/\/www.nineroomstrento.it\/wp-content\/uploads\/2025\/08\/IMMAGINE-PROFILO.png","contentUrl":"https:\/\/www.nineroomstrento.it\/wp-content\/uploads\/2025\/08\/IMMAGINE-PROFILO.png","width":475,"height":472,"caption":"Affitti brevi in Trentino"},"image":{"@id":"https:\/\/www.nineroomstrento.it\/de\/#\/schema\/logo\/image\/"}}]}},"_links":{"self":[{"href":"https:\/\/www.nineroomstrento.it\/de\/wp-json\/wp\/v2\/pages\/407","targetHints":{"allow":["GET"]}}],"collection":[{"href":"https:\/\/www.nineroomstrento.it\/de\/wp-json\/wp\/v2\/pages"}],"about":[{"href":"https:\/\/www.nineroomstrento.it\/de\/wp-json\/wp\/v2\/types\/page"}],"author":[{"embeddable":true,"href":"https:\/\/www.nineroomstrento.it\/de\/wp-json\/wp\/v2\/users\/1"}],"replies":[{"embeddable":true,"href":"https:\/\/www.nineroomstrento.it\/de\/wp-json\/wp\/v2\/comments?post=407"}],"version-history":[{"count":6,"href":"https:\/\/www.nineroomstrento.it\/de\/wp-json\/wp\/v2\/pages\/407\/revisions"}],"predecessor-version":[{"id":698,"href":"https:\/\/www.nineroomstrento.it\/de\/wp-json\/wp\/v2\/pages\/407\/revisions\/698"}],"wp:attachment":[{"href":"https:\/\/www.nineroomstrento.it\/de\/wp-json\/wp\/v2\/media?parent=407"}],"curies":[{"name":"wp","href":"https:\/\/api.w.org\/{rel}","templated":true}]}}